{"id":947,"date":"2024-11-05T16:23:04","date_gmt":"2024-11-05T14:23:04","guid":{"rendered":"https:\/\/www.scoalagimnazialaanastasiepanuhusi.ro\/?page_id=947"},"modified":"2024-11-05T16:26:37","modified_gmt":"2024-11-05T14:26:37","slug":"saptamana-verde","status":"publish","type":"page","link":"https:\/\/www.scoalagimnazialaanastasiepanuhusi.ro\/?page_id=947","title":{"rendered":"S\u0103pt\u0103m\u00e2na Verde"},"content":{"rendered":"\t\t<div data-elementor-type=\"wp-page\" data-elementor-id=\"947\" class=\"elementor elementor-947\">\n\t\t\t\t\t\t<section class=\"elementor-section elementor-top-section elementor-element elementor-element-3edabea4 elementor-section-boxed elementor-section-height-default elementor-section-height-default\" data-id=\"3edabea4\" data-element_type=\"section\" data-e-type=\"section\">\n\t\t\t\t\t\t<div class=\"elementor-container elementor-column-gap-default\">\n\t\t\t\t\t<div class=\"elementor-column elementor-col-100 elementor-top-column elementor-element elementor-element-4351510a\" data-id=\"4351510a\" data-element_type=\"column\" data-e-type=\"column\">\n\t\t\t<div class=\"elementor-widget-wrap elementor-element-populated\">\n\t\t\t\t\t\t<div class=\"elementor-element elementor-element-57569e51 elementor-widget elementor-widget-text-editor\" data-id=\"57569e51\" data-element_type=\"widget\" data-e-type=\"widget\" data-widget_type=\"text-editor.default\">\n\t\t\t\t<div class=\"elementor-widget-container\">\n\t\t\t\t\t\t\t\t\t\n<h2 class=\"wp-block-heading has-text-align-center\"><strong>S\u0103pt\u0103m\u00e2na Verde<\/strong><\/h2>\n\t\t\t\t\t\t\t\t<\/div>\n\t\t\t\t<\/div>\n\t\t\t\t\t<\/div>\n\t\t<\/div>\n\t\t\t\t\t<\/div>\n\t\t<\/section>\n\t\t\t\t<section class=\"elementor-section elementor-top-section elementor-element elementor-element-4d501b6 elementor-section-boxed elementor-section-height-default elementor-section-height-default\" data-id=\"4d501b6\" data-element_type=\"section\" data-e-type=\"section\">\n\t\t\t\t\t\t<div class=\"elementor-container elementor-column-gap-default\">\n\t\t\t\t\t<div class=\"elementor-column elementor-col-100 elementor-top-column elementor-element elementor-element-617a5c2\" data-id=\"617a5c2\" data-element_type=\"column\" data-e-type=\"column\">\n\t\t\t<div class=\"elementor-widget-wrap elementor-element-populated\">\n\t\t\t\t\t\t<div class=\"elementor-element elementor-element-3f085d7 elementor-widget elementor-widget-image\" data-id=\"3f085d7\" data-element_type=\"widget\" data-e-type=\"widget\" data-widget_type=\"image.default\">\n\t\t\t\t<div class=\"elementor-widget-container\">\n\t\t\t\t\t\t\t\t\t\t\t\t\t\t\t<img fetchpriority=\"high\" decoding=\"async\" width=\"1000\" height=\"314\" src=\"https:\/\/www.scoalagimnazialaanastasiepanuhusi.ro\/wp-content\/uploads\/2024\/11\/Scoala-altfel.png\" class=\"attachment-large size-large wp-image-949\" alt=\"\" srcset=\"https:\/\/www.scoalagimnazialaanastasiepanuhusi.ro\/wp-content\/uploads\/2024\/11\/Scoala-altfel.png 1000w, https:\/\/www.scoalagimnazialaanastasiepanuhusi.ro\/wp-content\/uploads\/2024\/11\/Scoala-altfel-300x94.png 300w, https:\/\/www.scoalagimnazialaanastasiepanuhusi.ro\/wp-content\/uploads\/2024\/11\/Scoala-altfel-768x241.png 768w\" sizes=\"(max-width: 1000px) 100vw, 1000px\" \/>\t\t\t\t\t\t\t\t\t\t\t\t\t\t\t<\/div>\n\t\t\t\t<\/div>\n\t\t\t\t\t<\/div>\n\t\t<\/div>\n\t\t\t\t\t<\/div>\n\t\t<\/section>\n\t\t\t\t<section class=\"elementor-section elementor-top-section elementor-element elementor-element-12f53fc elementor-section-boxed elementor-section-height-default elementor-section-height-default\" data-id=\"12f53fc\" data-element_type=\"section\" data-e-type=\"section\">\n\t\t\t\t\t\t<div class=\"elementor-container elementor-column-gap-default\">\n\t\t\t\t\t<div class=\"elementor-column elementor-col-100 elementor-top-column elementor-element elementor-element-434d8e9\" data-id=\"434d8e9\" data-element_type=\"column\" data-e-type=\"column\">\n\t\t\t<div class=\"elementor-widget-wrap elementor-element-populated\">\n\t\t\t\t\t\t<div class=\"elementor-element elementor-element-0326c93 elementor-widget elementor-widget-text-editor\" data-id=\"0326c93\" data-element_type=\"widget\" data-e-type=\"widget\" data-widget_type=\"text-editor.default\">\n\t\t\t\t<div class=\"elementor-widget-container\">\n\t\t\t\t\t\t\t\t\t<p><span data-contrast=\"none\">\u00cen \u201dS\u0103pt\u0103m\u00e2na Verde\u201d, se urm\u0103re\u0219te dezvoltarea capacit\u0103\u021bii elevilor de a:<\/span><span data-ccp-props=\"{\">\u00a0<\/span><\/p>\n<ul>\n<li><span data-contrast=\"none\">\u00een\u021belege \u0219i utiliza no\u021biuni elementare referitoare la mediu \u0219i la schimb\u0103rile climatice pentru a con\u0219tientiza faptul c\u0103 schimb\u0103rile climatice sunt o problem\u0103 emergent\u0103 a omenirii, precum \u0219i a \u00een\u021belege m\u0103surile de combatere a acestora<\/span><span data-ccp-props=\"{\">\u00a0<\/span><\/li>\n<li><span data-contrast=\"none\">\u00een\u021belege legisla\u021bia de mediu \u0219i rolul autorit\u0103\u0163ilor, institu\u0163iilor, companiilor, organiza\u0163iilor nonguvernamentale \u0219i altor actori \u00een combaterea schimb\u0103rilor climatice \u0219i protejarea mediului<\/span><span data-ccp-props=\"{\">\u00a0<\/span><\/li>\n<li><span data-contrast=\"none\">\u00een\u021belege schimb\u0103rile climatice \u00een context global, sistemic \u0219i \u00een conexiune cu alte domenii\/ probleme\/ teme precum: exploatarea iresponsabil\u0103 a resurselor naturale, poluarea, risipa alimentar\u0103, managementul de\u0219eurilor, consumul \u0219i produc\u021bia sustenabile, biodiversitatea, p\u0103durile \u0219i via\u021ba terestr\u0103, apele \u0219i via\u021ba acvatic\u0103, catastrofele naturale, energia verde, justi\u021bia social\u0103<\/span><span data-ccp-props=\"{\">\u00a0<\/span><\/li>\n<li><span data-contrast=\"none\">explora\/investiga mediul \u00eenconjur\u0103tor \u0219i a rela\u021biona pozitiv cu mediul natural<\/span><span data-ccp-props=\"{\">\u00a0<\/span><\/li>\n<li><span data-contrast=\"none\">lua decizii \u0219i de a ac\u021biona zi de zi \u021bin\u00e2nd seama de impactul asupra planetei, adopt\u00e2nd un comportament de protejare \u0219i \u00eembun\u0103t\u0103\u021bire a calit\u0103\u021bii mediului, inclusiv de utilizare responsabil\u0103 a resurselor natural<\/span><span data-ccp-props=\"{\">\u00a0<\/span><\/li>\n<li><span data-contrast=\"none\">se adapta la fenomene meteo extreme \u0219i a r\u0103spunde la poten\u021biale dezastre natural<\/span><span data-ccp-props=\"{\">\u00a0<\/span><\/li>\n<li><span data-contrast=\"none\">ini\u021bia \u0219i desf\u0103\u0219ura ac\u021biuni civice individuale \u015fi\/sau \u00een echip\u0103, de combatere a schimb\u0103rilor climatice \u0219i protec\u021bia mediului<\/span><span data-ccp-props=\"{\">\u00a0<\/span><\/li>\n<li><span data-contrast=\"none\">participa, \u00een viitor, la elaborarea de politici publice \u0219i la dezvoltarea de noi tehnologii care s\u0103 contribuie la combaterea schimb\u0103rilor climatice \u0219i protec\u021bia mediului.<\/span><span data-ccp-props=\"{\">\u00a0<\/span><\/li>\n<\/ul>\t\t\t\t\t\t\t\t<\/div>\n\t\t\t\t<\/div>\n\t\t\t\t<div class=\"elementor-element elementor-element-43bcca9 elementor-widget elementor-widget-image\" data-id=\"43bcca9\" data-element_type=\"widget\" data-e-type=\"widget\" data-widget_type=\"image.default\">\n\t\t\t\t<div class=\"elementor-widget-container\">\n\t\t\t\t\t\t\t\t\t\t\t\t\t\t\t<img decoding=\"async\" width=\"800\" height=\"533\" src=\"https:\/\/www.scoalagimnazialaanastasiepanuhusi.ro\/wp-content\/uploads\/2024\/11\/saptamana-verde-e1712306659854.jpg\" class=\"attachment-large size-large wp-image-951\" alt=\"\" srcset=\"https:\/\/www.scoalagimnazialaanastasiepanuhusi.ro\/wp-content\/uploads\/2024\/11\/saptamana-verde-e1712306659854.jpg 800w, https:\/\/www.scoalagimnazialaanastasiepanuhusi.ro\/wp-content\/uploads\/2024\/11\/saptamana-verde-e1712306659854-300x200.jpg 300w, https:\/\/www.scoalagimnazialaanastasiepanuhusi.ro\/wp-content\/uploads\/2024\/11\/saptamana-verde-e1712306659854-768x512.jpg 768w\" sizes=\"(max-width: 800px) 100vw, 800px\" \/>\t\t\t\t\t\t\t\t\t\t\t\t\t\t\t<\/div>\n\t\t\t\t<\/div>\n\t\t\t\t\t<\/div>\n\t\t<\/div>\n\t\t\t\t\t<\/div>\n\t\t<\/section>\n\t\t\t\t<section class=\"elementor-section elementor-top-section elementor-element elementor-element-67bca54 elementor-section-boxed elementor-section-height-default elementor-section-height-default\" data-id=\"67bca54\" data-element_type=\"section\" data-e-type=\"section\">\n\t\t\t\t\t\t<div class=\"elementor-container elementor-column-gap-default\">\n\t\t\t\t\t<div class=\"elementor-column elementor-col-100 elementor-top-column elementor-element elementor-element-3ed5b6a\" data-id=\"3ed5b6a\" data-element_type=\"column\" data-e-type=\"column\">\n\t\t\t<div class=\"elementor-widget-wrap elementor-element-populated\">\n\t\t\t\t\t\t<div class=\"elementor-element elementor-element-2ffda8c elementor-widget elementor-widget-text-editor\" data-id=\"2ffda8c\" data-element_type=\"widget\" data-e-type=\"widget\" data-widget_type=\"text-editor.default\">\n\t\t\t\t<div class=\"elementor-widget-container\">\n\t\t\t\t\t\t\t\t\t<p><span data-contrast=\"none\">\u0218colile organizeaz\u0103 activit\u0103\u021bi precum:<\/span><span data-ccp-props=\"{\">\u00a0<\/span><\/p>\n<ul>\n<li data-leveltext=\"\uf0b7\" data-font=\"Symbol\" data-listid=\"3\" data-list-defn-props=\"{\" aria-setsize=\"-1\" data-aria-posinset=\"1\" data-aria-level=\"1\"><span data-contrast=\"none\">lec\u021bii \u00een natur\u0103;<\/span><span data-ccp-props=\"{\">\u00a0<\/span><\/li>\n<li><span data-contrast=\"none\">dezbateri;<\/span><span data-ccp-props=\"{\">\u00a0<\/span><\/li>\n<li><span data-contrast=\"none\">jocuri de rol;<\/span><span data-ccp-props=\"{\">\u00a0<\/span><\/li>\n<li><span data-contrast=\"none\">fotografie vorbit\u0103;<\/span><span data-ccp-props=\"{\">\u00a0<\/span><\/li>\n<li><span data-contrast=\"none\">exerci\u021bii de construc\u021bie participativ\u0103 a unor scenarii de viitor;<\/span><span data-ccp-props=\"{\">\u00a0<\/span><\/li>\n<li><span data-contrast=\"none\">vizion\u0103ri de documentare;<\/span><span data-ccp-props=\"{\">\u00a0<\/span><\/li>\n<li><span data-contrast=\"none\">experimente, biblioteci vii, teatru forum, teatru legislativ;<\/span><span data-ccp-props=\"{\">\u00a0<\/span><\/li>\n<li><span data-contrast=\"none\">proiecte de servicii \u00een folosul comunit\u0103\u021bii;<\/span><span data-ccp-props=\"{\">\u00a0<\/span><\/li>\n<li><span data-contrast=\"none\">voluntariat;<\/span><span data-ccp-props=\"{\">\u00a0<\/span><\/li>\n<li><span data-contrast=\"none\">expedi\u021bii \u0219i excursii \u00een parcuri naturale \u0219i arii protejate.\u00a0<\/span><span data-ccp-props=\"{\">\u00a0<\/span><\/li>\n<\/ul>\t\t\t\t\t\t\t\t<\/div>\n\t\t\t\t<\/div>\n\t\t\t\t\t<\/div>\n\t\t<\/div>\n\t\t\t\t\t<\/div>\n\t\t<\/section>\n\t\t\t\t<\/div>\n\t\t","protected":false},"excerpt":{"rendered":"<p>S\u0103pt\u0103m\u00e2na Verde \u00cen \u201dS\u0103pt\u0103m\u00e2na Verde\u201d, se urm\u0103re\u0219te dezvoltarea capacit\u0103\u021bii elevilor de a:\u00a0 \u00een\u021belege \u0219i utiliza no\u021biuni elementare referitoare la mediu \u0219i la schimb\u0103rile climatice pentru a con\u0219tientiza faptul c\u0103 schimb\u0103rile climatice sunt o problem\u0103 emergent\u0103 a omenirii, precum \u0219i a \u00een\u021belege m\u0103surile de combatere a acestora\u00a0 \u00een\u021belege legisla\u021bia de mediu \u0219i rolul autorit\u0103\u0163ilor, institu\u0163iilor, companiilor, [&hellip;]<\/p>\n","protected":false},"author":1,"featured_media":0,"parent":0,"menu_order":0,"comment_status":"closed","ping_status":"closed","template":"","meta":{"site-sidebar-layout":"default","site-content-layout":"","ast-site-content-layout":"default","site-content-style":"default","site-sidebar-style":"default","ast-global-header-display":"","ast-banner-title-visibility":"","ast-main-header-display":"","ast-hfb-above-header-display":"","ast-hfb-below-header-display":"","ast-hfb-mobile-header-display":"","site-post-title":"disabled","ast-breadcrumbs-content":"","ast-featured-img":"","footer-sml-layout":"","ast-disable-related-posts":"","theme-transparent-header-meta":"","adv-header-id-meta":"","stick-header-meta":"","header-above-stick-meta":"","header-main-stick-meta":"","header-below-stick-meta":"","astra-migrate-meta-layouts":"set","ast-page-background-enabled":"default","ast-page-background-meta":{"desktop":{"background-color":"","background-image":"","background-repeat":"repeat","background-position":"center center","background-size":"auto","background-attachment":"scroll","background-type":"","background-media":"","overlay-type":"","overlay-color":"","overlay-opacity":"","overlay-gradient":""},"tablet":{"background-color":"","background-image":"","background-repeat":"repeat","background-position":"center center","background-size":"auto","background-attachment":"scroll","background-type":"","background-media":"","overlay-type":"","overlay-color":"","overlay-opacity":"","overlay-gradient":""},"mobile":{"background-color":"","background-image":"","background-repeat":"repeat","background-position":"center center","background-size":"auto","background-attachment":"scroll","background-type":"","background-media":"","overlay-type":"","overlay-color":"","overlay-opacity":"","overlay-gradient":""}},"ast-content-background-meta":{"desktop":{"background-color":"var(--ast-global-color-5)","background-image":"","background-repeat":"repeat","background-position":"center center","background-size":"auto","background-attachment":"scroll","background-type":"","background-media":"","overlay-type":"","overlay-color":"","overlay-opacity":"","overlay-gradient":""},"tablet":{"background-color":"var(--ast-global-color-5)","background-image":"","background-repeat":"repeat","background-position":"center center","background-size":"auto","background-attachment":"scroll","background-type":"","background-media":"","overlay-type":"","overlay-color":"","overlay-opacity":"","overlay-gradient":""},"mobile":{"background-color":"var(--ast-global-color-5)","background-image":"","background-repeat":"repeat","background-position":"center center","background-size":"auto","background-attachment":"scroll","background-type":"","background-media":"","overlay-type":"","overlay-color":"","overlay-opacity":"","overlay-gradient":""}},"footnotes":""},"class_list":["post-947","page","type-page","status-publish","hentry"],"_links":{"self":[{"href":"https:\/\/www.scoalagimnazialaanastasiepanuhusi.ro\/index.php?rest_route=\/wp\/v2\/pages\/947","targetHints":{"allow":["GET"]}}],"collection":[{"href":"https:\/\/www.scoalagimnazialaanastasiepanuhusi.ro\/index.php?rest_route=\/wp\/v2\/pages"}],"about":[{"href":"https:\/\/www.scoalagimnazialaanastasiepanuhusi.ro\/index.php?rest_route=\/wp\/v2\/types\/page"}],"author":[{"embeddable":true,"href":"https:\/\/www.scoalagimnazialaanastasiepanuhusi.ro\/index.php?rest_route=\/wp\/v2\/users\/1"}],"replies":[{"embeddable":true,"href":"https:\/\/www.scoalagimnazialaanastasiepanuhusi.ro\/index.php?rest_route=%2Fwp%2Fv2%2Fcomments&post=947"}],"version-history":[{"count":4,"href":"https:\/\/www.scoalagimnazialaanastasiepanuhusi.ro\/index.php?rest_route=\/wp\/v2\/pages\/947\/revisions"}],"predecessor-version":[{"id":954,"href":"https:\/\/www.scoalagimnazialaanastasiepanuhusi.ro\/index.php?rest_route=\/wp\/v2\/pages\/947\/revisions\/954"}],"wp:attachment":[{"href":"https:\/\/www.scoalagimnazialaanastasiepanuhusi.ro\/index.php?rest_route=%2Fwp%2Fv2%2Fmedia&parent=947"}],"curies":[{"name":"wp","href":"https:\/\/api.w.org\/{rel}","templated":true}]}}