{"id":1225,"date":"2026-03-16T14:34:08","date_gmt":"2026-03-16T12:34:08","guid":{"rendered":"https:\/\/www.scoalagimnazialaanastasiepanuhusi.ro\/?page_id=1225"},"modified":"2026-03-16T14:40:22","modified_gmt":"2026-03-16T12:40:22","slug":"proiect-etwinning-the-magic-of-christmas-unites-us","status":"publish","type":"page","link":"https:\/\/www.scoalagimnazialaanastasiepanuhusi.ro\/?page_id=1225","title":{"rendered":"Proiect eTwinning The Magic of Christmas Unites Us"},"content":{"rendered":"\t\t<div data-elementor-type=\"wp-page\" data-elementor-id=\"1225\" class=\"elementor elementor-1225\">\n\t\t\t\t\t\t<section class=\"elementor-section elementor-top-section elementor-element elementor-element-6f1f8d5 elementor-section-boxed elementor-section-height-default elementor-section-height-default\" data-id=\"6f1f8d5\" data-element_type=\"section\" data-e-type=\"section\">\n\t\t\t\t\t\t<div class=\"elementor-container elementor-column-gap-default\">\n\t\t\t\t\t<div class=\"elementor-column elementor-col-100 elementor-top-column elementor-element elementor-element-966020f\" data-id=\"966020f\" data-element_type=\"column\" data-e-type=\"column\">\n\t\t\t<div class=\"elementor-widget-wrap elementor-element-populated\">\n\t\t\t\t\t\t<div class=\"elementor-element elementor-element-ba14b08 elementor-widget elementor-widget-heading\" data-id=\"ba14b08\" data-element_type=\"widget\" data-e-type=\"widget\" data-widget_type=\"heading.default\">\n\t\t\t\t<div class=\"elementor-widget-container\">\n\t\t\t\t\t<h2 class=\"elementor-heading-title elementor-size-default\"><p align=\"center\" style=\"margin-bottom: 0in;line-height: normal\"><span lang=\"IT\" style=\"font-size: 20pt;, serif;border: 1pt none windowtext;padding: 0in\"><b>THE MAGIC OF CHRISTMAS UNITES US eTwinning PROJECT<\/b><\/span><span style=\"font-size: 3.5rem;font-style: inherit\"><\/span><\/p><\/h2>\t\t\t\t<\/div>\n\t\t\t\t<\/div>\n\t\t\t\t\t<\/div>\n\t\t<\/div>\n\t\t\t\t\t<\/div>\n\t\t<\/section>\n\t\t\t\t<section class=\"elementor-section elementor-top-section elementor-element elementor-element-a60c641 elementor-section-boxed elementor-section-height-default elementor-section-height-default\" data-id=\"a60c641\" data-element_type=\"section\" data-e-type=\"section\">\n\t\t\t\t\t\t<div class=\"elementor-container elementor-column-gap-default\">\n\t\t\t\t\t<div class=\"elementor-column elementor-col-100 elementor-top-column elementor-element elementor-element-b623427\" data-id=\"b623427\" data-element_type=\"column\" data-e-type=\"column\">\n\t\t\t<div class=\"elementor-widget-wrap elementor-element-populated\">\n\t\t\t\t\t\t<div class=\"elementor-element elementor-element-b3202cc elementor-widget elementor-widget-image\" data-id=\"b3202cc\" data-element_type=\"widget\" data-e-type=\"widget\" data-widget_type=\"image.default\">\n\t\t\t\t<div class=\"elementor-widget-container\">\n\t\t\t\t\t\t\t\t\t\t\t\t\t\t\t<img fetchpriority=\"high\" decoding=\"async\" width=\"454\" height=\"344\" src=\"https:\/\/www.scoalagimnazialaanastasiepanuhusi.ro\/wp-content\/uploads\/2024\/12\/etwinning-1.jpg\" class=\"attachment-large size-large wp-image-1035\" alt=\"\" srcset=\"https:\/\/www.scoalagimnazialaanastasiepanuhusi.ro\/wp-content\/uploads\/2024\/12\/etwinning-1.jpg 454w, https:\/\/www.scoalagimnazialaanastasiepanuhusi.ro\/wp-content\/uploads\/2024\/12\/etwinning-1-300x227.jpg 300w\" sizes=\"(max-width: 454px) 100vw, 454px\" \/>\t\t\t\t\t\t\t\t\t\t\t\t\t\t\t<\/div>\n\t\t\t\t<\/div>\n\t\t\t\t\t<\/div>\n\t\t<\/div>\n\t\t\t\t\t<\/div>\n\t\t<\/section>\n\t\t\t\t<section class=\"elementor-section elementor-top-section elementor-element elementor-element-5d1466b elementor-section-boxed elementor-section-height-default elementor-section-height-default\" data-id=\"5d1466b\" data-element_type=\"section\" data-e-type=\"section\">\n\t\t\t\t\t\t<div class=\"elementor-container elementor-column-gap-default\">\n\t\t\t\t\t<div class=\"elementor-column elementor-col-100 elementor-top-column elementor-element elementor-element-961dfd1\" data-id=\"961dfd1\" data-element_type=\"column\" data-e-type=\"column\">\n\t\t\t<div class=\"elementor-widget-wrap elementor-element-populated\">\n\t\t\t\t\t\t<div class=\"elementor-element elementor-element-77ed940 elementor-widget elementor-widget-text-editor\" data-id=\"77ed940\" data-element_type=\"widget\" data-e-type=\"widget\" data-widget_type=\"text-editor.default\">\n\t\t\t\t<div class=\"elementor-widget-container\">\n\t\t\t\t\t\t\t\t\t<p style=\"text-align: justify; text-indent: .5in; line-height: 115%;\"><span lang=\"RO\" style=\"font-size: 12pt; font-style: inherit; font-weight: inherit; text-indent: 35.4pt; line-height: 150%; font-family: &quot;Times New Roman&quot;, serif;\">\u00cen\nperioada 2025-2026 elevii claselor a III-a D, a IV-a B \u0219i a VI-a A&nbsp;&nbsp; de la \u0218coala Gimnazial\u0103 ,,Anastasie\nPanu\u201d&nbsp;&nbsp; particip\u0103 la proiectul eTwinning\n,,<\/span><b style=\"font-style: inherit; text-indent: 35.4pt;\"><i><span lang=\"RO\" style=\"font-size:12.0pt;line-height:150%;font-family:&quot;Times New Roman&quot;,serif;\nmso-fareast-font-family:&quot;Times New Roman&quot;;mso-fareast-language:RO\">The Magic of\nChristmas Unites Us\u201d<\/span><\/i><\/b><b style=\"font-style: inherit; text-indent: 35.4pt;\"><span lang=\"RO\" style=\"font-size:12.0pt;\nline-height:150%;font-family:&quot;Times New Roman&quot;,serif;mso-fareast-font-family:\n&quot;Times New Roman&quot;;color:#282828;border:none windowtext 1.0pt;mso-border-alt:\nnone windowtext 0cm;padding:0cm\"> <\/span><\/b><span lang=\"RO\" style=\"font-size: 12pt; font-style: inherit; font-weight: inherit; text-indent: 35.4pt; line-height: 150%; font-family: &quot;Times New Roman&quot;, serif;\">( Magia Cr\u0103ciunului\nne une\u0219te), coordonat de \u0219coala noastr\u0103 \u00een parteneriat cu alte \u0219coli din:\nItalia, Spania, Grecia, Lituania \u0219i Georgia.<\/span><\/p><p style=\"text-align:justify;text-indent:35.4pt;line-height:\n150%\"><span lang=\"RO\" style=\"font-size:12.0pt;line-height:150%;font-family:&quot;Times New Roman&quot;,serif\">Echipa\ndin \u0219coala noastr\u0103 este coordonat\u0103 de prof. pentru \u00eenv\u0103\u021b\u0103m\u00e2nt primar, Livia\nRicu\u021ba Moro\u0219anu, prof. pentru \u00eenv\u0103\u021b\u0103m\u00e2nt primar, Constan\u021ba Elena Busuioc \u0219i\nprof. de limba englez\u0103, Mariela Aurora Profir<o:p><\/o:p><\/span><\/p><p style=\"text-align:justify;text-indent:35.4pt;line-height:\n150%\"><span lang=\"RO\" style=\"font-size:12.0pt;line-height:150%;font-family:&quot;Times New Roman&quot;,serif\">Proiectul\neTwinning \u201eMagia Cr\u0103ciunului ne une\u0219te\u201d a adus \u00eempreun\u0103 elevi \u0219i profesori din\nmai multe \u021b\u0103ri europene, oferindu-ne ocazia de a colabora, de<\/span><span lang=\"RO\" style=\"font-size:12.0pt;line-height:150%;font-family:&quot;Times New Roman&quot;,serif;\nmso-fareast-language:RO\"> a comunica \u0219i de a descoperi frumuse\u021bea diversit\u0103\u021bii\nculturale. Prin activit\u0103\u021bi interactive \u0219i creative, copiii au \u00eenv\u0103\u021bat s\u0103\naprecieze tradi\u021biile \u0219i obiceiurile specifice fiec\u0103rei \u021b\u0103ri \u0219i s\u0103 \u00een\u021beleag\u0103\nmodul \u00een care Cr\u0103ciunul se reg\u0103se\u0219te \u00een cultura fiec\u0103rui popor.<o:p><\/o:p><\/span><\/p><p style=\"text-align:justify;text-indent:35.4pt;line-height:\n150%\"><span lang=\"RO\" style=\"font-size:12.0pt;line-height:150%;font-family:&quot;Times New Roman&quot;,serif;\nmso-fareast-language:RO\">Elevii s-au prezentat partenerilor, au interpretat\ncolinde \u0219i au \u00eemp\u0103rt\u0103\u0219it momente pline de emo\u021bie, aduc\u00e2nd \u00een \u00eent\u00e2lnirile\nnoastre bucuria \u0219i spiritul s\u0103rb\u0103torilor de iarn\u0103. Atmosfera a fost una cald\u0103,\nfestiv\u0103, iar copiii au comunicat cu entuziasm \u0219i curiozitate.<o:p><\/o:p><\/span><\/p><p style=\"text-align:justify;text-indent:35.4pt;line-height:\n150%\"><span lang=\"RO\" style=\"font-size:12.0pt;line-height:150%;font-family:&quot;Times New Roman&quot;,serif;\nmso-fareast-language:RO\">O activitate deosebit de apreciat\u0103 a fost realizarea\nunui dic\u021bionar ilustrat multilingv \u2013 \u201eWinter Words\u201d (Cuvinte de iarn\u0103). Pornind\nde la imagini \u0219i de la termenii \u00een limba englez\u0103, elevii au scris echivalentele\n\u00een limba matern\u0103, \u00eembog\u0103\u021bindu-\u0219i vocabularul \u0219i descoperind asem\u0103n\u0103ri \u0219i\ndiferen\u021be \u00eentre limbi. La final, cuno\u0219tin\u021bele au fost consolidate printr-un joc\ninteractiv pe platforma Wordwall, unde \u00eenv\u0103\u021barea s-a \u00eembinat armonios cu\ndistrac\u021bia.<o:p><\/o:p><\/span><\/p><p style=\"text-align:justify;text-indent:35.4pt;line-height:\n150%\"><span lang=\"RO\" style=\"font-size:12.0pt;line-height:150%;font-family:&quot;Times New Roman&quot;,serif;\nmso-fareast-language:RO\">De asemenea, \u00eent\u00e2lnirile online cu partenerii de\nproiect au reprezentat experien\u021be valoroase, oferindu-ne \u0219ansa de a cunoa\u0219te\nprofesori \u0219i elevi din alte \u0219coli \u0219i culturi. Am descoperit c\u0103, dincolo de\ndiferen\u021be, ne apropie acelea\u0219i valori, dorin\u021ba de colaborare \u0219i dragostea\npentru educa\u021bie.<o:p><\/o:p><\/span><\/p><p style=\"text-align: justify; text-indent: .5in; line-height: 115%;\">\n\n\n\n\n\n\n\n\n\n\n\n<\/p><p style=\"text-align:justify;text-indent:35.4pt;line-height:\n150%\"><span lang=\"RO\" style=\"font-size:12.0pt;line-height:150%;font-family:&quot;Times New Roman&quot;,serif;\nmso-fareast-language:RO\">Proiectul a contribuit la dezvoltarea competen\u021belor\nlingvistice, digitale \u0219i sociale ale elevilor, \u00eencuraj\u00e2nd lucrul \u00een echip\u0103,\ncreativitatea \u0219i respectul pentru diversitate. \u201eMagia Cr\u0103ciunului ne une\u0219te\u201d a\nfost mai mult dec\u00e2t un proiect \u2013 a fost o experien\u021b\u0103 de suflet, plin\u0103 de\n\u00eenv\u0103\u021bare, prietenie \u0219i amintiri frumoase.<o:p><\/o:p><\/span><\/p>\t\t\t\t\t\t\t\t<\/div>\n\t\t\t\t<\/div>\n\t\t\t\t\t<\/div>\n\t\t<\/div>\n\t\t\t\t\t<\/div>\n\t\t<\/section>\n\t\t\t\t<section class=\"elementor-section elementor-top-section elementor-element elementor-element-3940c70 elementor-section-boxed elementor-section-height-default elementor-section-height-default\" data-id=\"3940c70\" data-element_type=\"section\" data-e-type=\"section\">\n\t\t\t\t\t\t<div class=\"elementor-container elementor-column-gap-default\">\n\t\t\t\t\t<div class=\"elementor-column elementor-col-100 elementor-top-column elementor-element elementor-element-0fa2ebc\" data-id=\"0fa2ebc\" data-element_type=\"column\" data-e-type=\"column\">\n\t\t\t<div class=\"elementor-widget-wrap elementor-element-populated\">\n\t\t\t\t\t\t<div class=\"elementor-element elementor-element-f571d75 elementor-widget elementor-widget-heading\" data-id=\"f571d75\" data-element_type=\"widget\" data-e-type=\"widget\" data-widget_type=\"heading.default\">\n\t\t\t\t<div class=\"elementor-widget-container\">\n\t\t\t\t\t<h2 class=\"elementor-heading-title elementor-size-default\">Poze eTwinning<\/h2>\t\t\t\t<\/div>\n\t\t\t\t<\/div>\n\t\t\t\t\t<\/div>\n\t\t<\/div>\n\t\t\t\t\t<\/div>\n\t\t<\/section>\n\t\t\t\t<section class=\"elementor-section elementor-top-section elementor-element elementor-element-8d97664 elementor-section-boxed elementor-section-height-default elementor-section-height-default\" data-id=\"8d97664\" data-element_type=\"section\" data-e-type=\"section\">\n\t\t\t\t\t\t<div class=\"elementor-container elementor-column-gap-default\">\n\t\t\t\t\t<div class=\"elementor-column elementor-col-100 elementor-top-column elementor-element elementor-element-2ff0165\" data-id=\"2ff0165\" data-element_type=\"column\" data-e-type=\"column\">\n\t\t\t<div class=\"elementor-widget-wrap elementor-element-populated\">\n\t\t\t\t\t\t<div class=\"elementor-element elementor-element-dbe760c elementor-widget elementor-widget-image\" data-id=\"dbe760c\" data-element_type=\"widget\" data-e-type=\"widget\" data-widget_type=\"image.default\">\n\t\t\t\t<div class=\"elementor-widget-container\">\n\t\t\t\t\t\t\t\t\t\t\t\t\t\t\t<img decoding=\"async\" width=\"1024\" height=\"819\" src=\"https:\/\/www.scoalagimnazialaanastasiepanuhusi.ro\/wp-content\/uploads\/2026\/03\/Project-presentation-1024x819.jpeg\" class=\"attachment-large size-large wp-image-1229\" alt=\"\" srcset=\"https:\/\/www.scoalagimnazialaanastasiepanuhusi.ro\/wp-content\/uploads\/2026\/03\/Project-presentation-1024x819.jpeg 1024w, https:\/\/www.scoalagimnazialaanastasiepanuhusi.ro\/wp-content\/uploads\/2026\/03\/Project-presentation-300x240.jpeg 300w, https:\/\/www.scoalagimnazialaanastasiepanuhusi.ro\/wp-content\/uploads\/2026\/03\/Project-presentation-768x614.jpeg 768w, https:\/\/www.scoalagimnazialaanastasiepanuhusi.ro\/wp-content\/uploads\/2026\/03\/Project-presentation-1536x1229.jpeg 1536w, https:\/\/www.scoalagimnazialaanastasiepanuhusi.ro\/wp-content\/uploads\/2026\/03\/Project-presentation.jpeg 2040w\" sizes=\"(max-width: 1024px) 100vw, 1024px\" \/>\t\t\t\t\t\t\t\t\t\t\t\t\t\t\t<\/div>\n\t\t\t\t<\/div>\n\t\t\t\t\t<\/div>\n\t\t<\/div>\n\t\t\t\t\t<\/div>\n\t\t<\/section>\n\t\t\t\t<section class=\"elementor-section elementor-top-section elementor-element elementor-element-293c9d7 elementor-section-boxed elementor-section-height-default elementor-section-height-default\" data-id=\"293c9d7\" data-element_type=\"section\" data-e-type=\"section\">\n\t\t\t\t\t\t<div class=\"elementor-container elementor-column-gap-default\">\n\t\t\t\t\t<div class=\"elementor-column elementor-col-100 elementor-top-column elementor-element elementor-element-c7126a6\" data-id=\"c7126a6\" data-element_type=\"column\" data-e-type=\"column\">\n\t\t\t<div class=\"elementor-widget-wrap elementor-element-populated\">\n\t\t\t\t\t\t<div class=\"elementor-element elementor-element-5f29fa6 elementor-widget elementor-widget-image\" data-id=\"5f29fa6\" data-element_type=\"widget\" data-e-type=\"widget\" data-widget_type=\"image.default\">\n\t\t\t\t<div class=\"elementor-widget-container\">\n\t\t\t\t\t\t\t\t\t\t\t\t\t\t\t<img decoding=\"async\" width=\"1024\" height=\"576\" src=\"https:\/\/www.scoalagimnazialaanastasiepanuhusi.ro\/wp-content\/uploads\/2026\/03\/Project-Presentation.jpg-1024x576.jpeg\" class=\"attachment-large size-large wp-image-1228\" alt=\"\" srcset=\"https:\/\/www.scoalagimnazialaanastasiepanuhusi.ro\/wp-content\/uploads\/2026\/03\/Project-Presentation.jpg-1024x576.jpeg 1024w, https:\/\/www.scoalagimnazialaanastasiepanuhusi.ro\/wp-content\/uploads\/2026\/03\/Project-Presentation.jpg-300x169.jpeg 300w, https:\/\/www.scoalagimnazialaanastasiepanuhusi.ro\/wp-content\/uploads\/2026\/03\/Project-Presentation.jpg-768x432.jpeg 768w, https:\/\/www.scoalagimnazialaanastasiepanuhusi.ro\/wp-content\/uploads\/2026\/03\/Project-Presentation.jpg-1536x864.jpeg 1536w, https:\/\/www.scoalagimnazialaanastasiepanuhusi.ro\/wp-content\/uploads\/2026\/03\/Project-Presentation.jpg.jpeg 1920w\" sizes=\"(max-width: 1024px) 100vw, 1024px\" \/>\t\t\t\t\t\t\t\t\t\t\t\t\t\t\t<\/div>\n\t\t\t\t<\/div>\n\t\t\t\t\t<\/div>\n\t\t<\/div>\n\t\t\t\t\t<\/div>\n\t\t<\/section>\n\t\t\t\t<section class=\"elementor-section elementor-top-section elementor-element elementor-element-ca24999 elementor-section-boxed elementor-section-height-default elementor-section-height-default\" data-id=\"ca24999\" data-element_type=\"section\" data-e-type=\"section\">\n\t\t\t\t\t\t<div class=\"elementor-container elementor-column-gap-default\">\n\t\t\t\t\t<div class=\"elementor-column elementor-col-100 elementor-top-column elementor-element elementor-element-2d45044\" data-id=\"2d45044\" data-element_type=\"column\" data-e-type=\"column\">\n\t\t\t<div class=\"elementor-widget-wrap elementor-element-populated\">\n\t\t\t\t\t\t<div class=\"elementor-element elementor-element-bd17f11 elementor-widget elementor-widget-image\" data-id=\"bd17f11\" data-element_type=\"widget\" data-e-type=\"widget\" data-widget_type=\"image.default\">\n\t\t\t\t<div class=\"elementor-widget-container\">\n\t\t\t\t\t\t\t\t\t\t\t\t\t\t\t<img loading=\"lazy\" decoding=\"async\" width=\"1024\" height=\"819\" src=\"https:\/\/www.scoalagimnazialaanastasiepanuhusi.ro\/wp-content\/uploads\/2026\/03\/White-and-Blue-Minimalist-Love-Couple-Photo-Collage-1024x819.png\" class=\"attachment-large size-large wp-image-1227\" alt=\"\" srcset=\"https:\/\/www.scoalagimnazialaanastasiepanuhusi.ro\/wp-content\/uploads\/2026\/03\/White-and-Blue-Minimalist-Love-Couple-Photo-Collage-1024x819.png 1024w, https:\/\/www.scoalagimnazialaanastasiepanuhusi.ro\/wp-content\/uploads\/2026\/03\/White-and-Blue-Minimalist-Love-Couple-Photo-Collage-300x240.png 300w, https:\/\/www.scoalagimnazialaanastasiepanuhusi.ro\/wp-content\/uploads\/2026\/03\/White-and-Blue-Minimalist-Love-Couple-Photo-Collage-768x614.png 768w, https:\/\/www.scoalagimnazialaanastasiepanuhusi.ro\/wp-content\/uploads\/2026\/03\/White-and-Blue-Minimalist-Love-Couple-Photo-Collage-1536x1229.png 1536w, https:\/\/www.scoalagimnazialaanastasiepanuhusi.ro\/wp-content\/uploads\/2026\/03\/White-and-Blue-Minimalist-Love-Couple-Photo-Collage.png 2000w\" sizes=\"(max-width: 1024px) 100vw, 1024px\" \/>\t\t\t\t\t\t\t\t\t\t\t\t\t\t\t<\/div>\n\t\t\t\t<\/div>\n\t\t\t\t\t<\/div>\n\t\t<\/div>\n\t\t\t\t\t<\/div>\n\t\t<\/section>\n\t\t\t\t<\/div>\n\t\t","protected":false},"excerpt":{"rendered":"<p>THE MAGIC OF CHRISTMAS UNITES US eTwinning PROJECT \u00cen perioada 2025-2026 elevii claselor a III-a D, a IV-a B \u0219i a VI-a A&nbsp;&nbsp; de la \u0218coala Gimnazial\u0103 ,,Anastasie Panu\u201d&nbsp;&nbsp; particip\u0103 la proiectul eTwinning ,,The Magic of Christmas Unites Us\u201d ( Magia Cr\u0103ciunului ne une\u0219te), coordonat de \u0219coala noastr\u0103 \u00een parteneriat cu alte \u0219coli din: Italia, [&hellip;]<\/p>\n","protected":false},"author":1,"featured_media":0,"parent":0,"menu_order":0,"comment_status":"closed","ping_status":"closed","template":"","meta":{"site-sidebar-layout":"no-sidebar","site-content-layout":"page-builder","ast-site-content-layout":"full-width-container","site-content-style":"unboxed","site-sidebar-style":"unboxed","ast-global-header-display":"","ast-banner-title-visibility":"","ast-main-header-display":"","ast-hfb-above-header-display":"","ast-hfb-below-header-display":"","ast-hfb-mobile-header-display":"","site-post-title":"disabled","ast-breadcrumbs-content":"","ast-featured-img":"disabled","footer-sml-layout":"","ast-disable-related-posts":"","theme-transparent-header-meta":"","adv-header-id-meta":"","stick-header-meta":"","header-above-stick-meta":"","header-main-stick-meta":"","header-below-stick-meta":"","astra-migrate-meta-layouts":"set","ast-page-background-enabled":"default","ast-page-background-meta":{"desktop":{"background-color":"","background-image":"","background-repeat":"repeat","background-position":"center center","background-size":"auto","background-attachment":"scroll","background-type":"","background-media":"","overlay-type":"","overlay-color":"","overlay-opacity":"","overlay-gradient":""},"tablet":{"background-color":"","background-image":"","background-repeat":"repeat","background-position":"center center","background-size":"auto","background-attachment":"scroll","background-type":"","background-media":"","overlay-type":"","overlay-color":"","overlay-opacity":"","overlay-gradient":""},"mobile":{"background-color":"","background-image":"","background-repeat":"repeat","background-position":"center center","background-size":"auto","background-attachment":"scroll","background-type":"","background-media":"","overlay-type":"","overlay-color":"","overlay-opacity":"","overlay-gradient":""}},"ast-content-background-meta":{"desktop":{"background-color":"var(--ast-global-color-5)","background-image":"","background-repeat":"repeat","background-position":"center center","background-size":"auto","background-attachment":"scroll","background-type":"","background-media":"","overlay-type":"","overlay-color":"","overlay-opacity":"","overlay-gradient":""},"tablet":{"background-color":"var(--ast-global-color-5)","background-image":"","background-repeat":"repeat","background-position":"center center","background-size":"auto","background-attachment":"scroll","background-type":"","background-media":"","overlay-type":"","overlay-color":"","overlay-opacity":"","overlay-gradient":""},"mobile":{"background-color":"var(--ast-global-color-5)","background-image":"","background-repeat":"repeat","background-position":"center center","background-size":"auto","background-attachment":"scroll","background-type":"","background-media":"","overlay-type":"","overlay-color":"","overlay-opacity":"","overlay-gradient":""}},"footnotes":""},"class_list":["post-1225","page","type-page","status-publish","hentry"],"_links":{"self":[{"href":"https:\/\/www.scoalagimnazialaanastasiepanuhusi.ro\/index.php?rest_route=\/wp\/v2\/pages\/1225","targetHints":{"allow":["GET"]}}],"collection":[{"href":"https:\/\/www.scoalagimnazialaanastasiepanuhusi.ro\/index.php?rest_route=\/wp\/v2\/pages"}],"about":[{"href":"https:\/\/www.scoalagimnazialaanastasiepanuhusi.ro\/index.php?rest_route=\/wp\/v2\/types\/page"}],"author":[{"embeddable":true,"href":"https:\/\/www.scoalagimnazialaanastasiepanuhusi.ro\/index.php?rest_route=\/wp\/v2\/users\/1"}],"replies":[{"embeddable":true,"href":"https:\/\/www.scoalagimnazialaanastasiepanuhusi.ro\/index.php?rest_route=%2Fwp%2Fv2%2Fcomments&post=1225"}],"version-history":[{"count":4,"href":"https:\/\/www.scoalagimnazialaanastasiepanuhusi.ro\/index.php?rest_route=\/wp\/v2\/pages\/1225\/revisions"}],"predecessor-version":[{"id":1232,"href":"https:\/\/www.scoalagimnazialaanastasiepanuhusi.ro\/index.php?rest_route=\/wp\/v2\/pages\/1225\/revisions\/1232"}],"wp:attachment":[{"href":"https:\/\/www.scoalagimnazialaanastasiepanuhusi.ro\/index.php?rest_route=%2Fwp%2Fv2%2Fmedia&parent=1225"}],"curies":[{"name":"wp","href":"https:\/\/api.w.org\/{rel}","templated":true}]}}