{"id":1113,"date":"2025-02-10T08:40:08","date_gmt":"2025-02-10T06:40:08","guid":{"rendered":"https:\/\/www.scoalagimnazialaanastasiepanuhusi.ro\/?page_id=1113"},"modified":"2025-02-10T10:37:01","modified_gmt":"2025-02-10T08:37:01","slug":"rezultate-olimpiade","status":"publish","type":"page","link":"https:\/\/www.scoalagimnazialaanastasiepanuhusi.ro\/?page_id=1113","title":{"rendered":"Olimpiade \u0218colare"},"content":{"rendered":"\t\t<div data-elementor-type=\"wp-page\" data-elementor-id=\"1113\" class=\"elementor elementor-1113\">\n\t\t\t\t\t\t<section class=\"elementor-section elementor-top-section elementor-element elementor-element-3edabea4 elementor-section-boxed elementor-section-height-default elementor-section-height-default\" data-id=\"3edabea4\" data-element_type=\"section\" data-e-type=\"section\">\n\t\t\t\t\t\t<div class=\"elementor-container elementor-column-gap-default\">\n\t\t\t\t\t<div class=\"elementor-column elementor-col-100 elementor-top-column elementor-element elementor-element-4351510a\" data-id=\"4351510a\" data-element_type=\"column\" data-e-type=\"column\">\n\t\t\t<div class=\"elementor-widget-wrap elementor-element-populated\">\n\t\t\t\t\t\t<div class=\"elementor-element elementor-element-9cc03eb elementor-widget elementor-widget-heading\" data-id=\"9cc03eb\" data-element_type=\"widget\" data-e-type=\"widget\" data-widget_type=\"heading.default\">\n\t\t\t\t<div class=\"elementor-widget-container\">\n\t\t\t\t\t<h2 class=\"elementor-heading-title elementor-size-default\">OLIMPIADE \u0218COLARE<\/h2>\t\t\t\t<\/div>\n\t\t\t\t<\/div>\n\t\t\t\t\t<\/div>\n\t\t<\/div>\n\t\t\t\t\t<\/div>\n\t\t<\/section>\n\t\t\t\t<section class=\"elementor-section elementor-top-section elementor-element elementor-element-ca705ac elementor-section-boxed elementor-section-height-default elementor-section-height-default\" data-id=\"ca705ac\" data-element_type=\"section\" data-e-type=\"section\">\n\t\t\t\t\t\t<div class=\"elementor-container elementor-column-gap-default\">\n\t\t\t\t\t<div class=\"elementor-column elementor-col-100 elementor-top-column elementor-element elementor-element-747809e\" data-id=\"747809e\" data-element_type=\"column\" data-e-type=\"column\">\n\t\t\t<div class=\"elementor-widget-wrap elementor-element-populated\">\n\t\t\t\t\t\t<div class=\"elementor-element elementor-element-4b79deb elementor-widget elementor-widget-image\" data-id=\"4b79deb\" data-element_type=\"widget\" data-e-type=\"widget\" data-widget_type=\"image.default\">\n\t\t\t\t<div class=\"elementor-widget-container\">\n\t\t\t\t\t\t\t\t\t\t\t\t\t\t\t<img fetchpriority=\"high\" decoding=\"async\" width=\"1024\" height=\"647\" src=\"https:\/\/www.scoalagimnazialaanastasiepanuhusi.ro\/wp-content\/uploads\/2025\/02\/346199-1024x647.jpg\" class=\"attachment-large size-large wp-image-1142\" alt=\"\" srcset=\"https:\/\/www.scoalagimnazialaanastasiepanuhusi.ro\/wp-content\/uploads\/2025\/02\/346199-1024x647.jpg 1024w, https:\/\/www.scoalagimnazialaanastasiepanuhusi.ro\/wp-content\/uploads\/2025\/02\/346199-300x189.jpg 300w, https:\/\/www.scoalagimnazialaanastasiepanuhusi.ro\/wp-content\/uploads\/2025\/02\/346199-768x485.jpg 768w, https:\/\/www.scoalagimnazialaanastasiepanuhusi.ro\/wp-content\/uploads\/2025\/02\/346199-1536x970.jpg 1536w, https:\/\/www.scoalagimnazialaanastasiepanuhusi.ro\/wp-content\/uploads\/2025\/02\/346199-2048x1293.jpg 2048w\" sizes=\"(max-width: 1024px) 100vw, 1024px\" \/>\t\t\t\t\t\t\t\t\t\t\t\t\t\t\t<\/div>\n\t\t\t\t<\/div>\n\t\t\t\t\t<\/div>\n\t\t<\/div>\n\t\t\t\t\t<\/div>\n\t\t<\/section>\n\t\t\t\t<section class=\"elementor-section elementor-top-section elementor-element elementor-element-2149278 elementor-section-boxed elementor-section-height-default elementor-section-height-default\" data-id=\"2149278\" data-element_type=\"section\" data-e-type=\"section\">\n\t\t\t\t\t\t<div class=\"elementor-container elementor-column-gap-default\">\n\t\t\t\t\t<div class=\"elementor-column elementor-col-100 elementor-top-column elementor-element elementor-element-3b45910\" data-id=\"3b45910\" data-element_type=\"column\" data-e-type=\"column\">\n\t\t\t<div class=\"elementor-widget-wrap elementor-element-populated\">\n\t\t\t\t\t\t<div class=\"elementor-element elementor-element-0242d1e elementor-widget elementor-widget-text-editor\" data-id=\"0242d1e\" data-element_type=\"widget\" data-e-type=\"widget\" data-widget_type=\"text-editor.default\">\n\t\t\t\t<div class=\"elementor-widget-container\">\n\t\t\t\t\t\t\t\t\t<p><strong>&nbsp; &nbsp; &nbsp;Olimpiadele \u0218colare &#8211; Oportunit\u0103\u021bi de Performan\u021b\u0103 pentru Elevi<\/strong><\/p>\n<p>&nbsp; &nbsp; &nbsp; &nbsp; &nbsp; &nbsp; &nbsp; Olimpiadele \u0218colare reprezint\u0103 competi\u021bii educa\u021bionale de \u00eenalt nivel, dedicate elevilor din diverse domenii ale \u00eenv\u0103\u021b\u0103m\u00e2ntului, precum matematic\u0103, fizic\u0103, chimie, informatic\u0103, limbi str\u0103ine, istorie \u0219i multe altele. Aceste concursuri sunt organizate la nivel na\u021bional \u0219i interna\u021bional \u0219i sunt menite s\u0103 \u00eencurajeze excelen\u021ba academic\u0103, dezvoltarea g\u00e2ndirii critice \u0219i stimularea pasiunii pentru \u00eenv\u0103\u021b\u0103tura profund\u0103.<\/p>\n<p>&nbsp; &nbsp; &nbsp; &nbsp; &nbsp; &nbsp; &nbsp;Participarea la Olimpiadele \u0218colare le ofer\u0103 elevilor posibilitatea de a-\u0219i pune \u00een valoare cuno\u0219tin\u021bele \u0219i abilit\u0103\u021bile \u00eentr-un mediu competi\u021bional, dar \u0219i de a \u00eenv\u0103\u021ba lec\u021bii valoroase despre perseveren\u021b\u0103, munca \u00een echip\u0103 \u0219i autodisciplin\u0103. De asemenea, c\u00e2\u0219tig\u0103torii olimpiadelor au \u0219ansa de a accede la oportunit\u0103\u021bi academice \u0219i profesionale de excep\u021bie, fiind adesea recunoscu\u021bi de institu\u021biile educa\u021bionale prestigioase din \u00eentreaga lume.<\/p>\n<p>&nbsp; &nbsp; &nbsp; &nbsp; &nbsp; &nbsp; &nbsp;Olimpiadele \u0218colare sunt organizate pe nivele regionale, jude\u021bene, na\u021bionale \u0219i interna\u021bionale, iar fiecare competi\u021bie este structurat\u0103 pentru a testa at\u00e2t cuno\u0219tin\u021bele teoretice, c\u00e2t \u0219i aplicarea acestora \u00een situa\u021bii practice. \u00cen acest fel, ele contribuie la formarea unei genera\u021bii de tineri bine preg\u0103ti\u021bi pentru provoc\u0103rile viitorului.&nbsp;<\/p>\n<p>&nbsp; &nbsp; &nbsp; &nbsp; &nbsp; &nbsp; &nbsp;Pentru elevi, dar \u0219i pentru profesori, Olimpiadele \u0218colare sunt o surs\u0103 de m\u00e2ndrie \u0219i un prilej de a face parte dintr-o comunitate dedicat\u0103 educa\u021biei de calitate.<\/p>\t\t\t\t\t\t\t\t<\/div>\n\t\t\t\t<\/div>\n\t\t\t\t\t<\/div>\n\t\t<\/div>\n\t\t\t\t\t<\/div>\n\t\t<\/section>\n\t\t\t\t<\/div>\n\t\t","protected":false},"excerpt":{"rendered":"<p>OLIMPIADE \u0218COLARE &nbsp; &nbsp; &nbsp;Olimpiadele \u0218colare &#8211; Oportunit\u0103\u021bi de Performan\u021b\u0103 pentru Elevi &nbsp; &nbsp; &nbsp; &nbsp; &nbsp; &nbsp; &nbsp; Olimpiadele \u0218colare reprezint\u0103 competi\u021bii educa\u021bionale de \u00eenalt nivel, dedicate elevilor din diverse domenii ale \u00eenv\u0103\u021b\u0103m\u00e2ntului, precum matematic\u0103, fizic\u0103, chimie, informatic\u0103, limbi str\u0103ine, istorie \u0219i multe altele. Aceste concursuri sunt organizate la nivel na\u021bional \u0219i interna\u021bional \u0219i [&hellip;]<\/p>\n","protected":false},"author":1,"featured_media":0,"parent":0,"menu_order":0,"comment_status":"closed","ping_status":"closed","template":"","meta":{"site-sidebar-layout":"no-sidebar","site-content-layout":"page-builder","ast-site-content-layout":"full-width-container","site-content-style":"default","site-sidebar-style":"default","ast-global-header-display":"","ast-banner-title-visibility":"","ast-main-header-display":"","ast-hfb-above-header-display":"","ast-hfb-below-header-display":"","ast-hfb-mobile-header-display":"","site-post-title":"disabled","ast-breadcrumbs-content":"","ast-featured-img":"disabled","footer-sml-layout":"","ast-disable-related-posts":"","theme-transparent-header-meta":"","adv-header-id-meta":"","stick-header-meta":"","header-above-stick-meta":"","header-main-stick-meta":"","header-below-stick-meta":"","astra-migrate-meta-layouts":"set","ast-page-background-enabled":"default","ast-page-background-meta":{"desktop":{"background-color":"","background-image":"","background-repeat":"repeat","background-position":"center center","background-size":"auto","background-attachment":"scroll","background-type":"","background-media":"","overlay-type":"","overlay-color":"","overlay-opacity":"","overlay-gradient":""},"tablet":{"background-color":"","background-image":"","background-repeat":"repeat","background-position":"center center","background-size":"auto","background-attachment":"scroll","background-type":"","background-media":"","overlay-type":"","overlay-color":"","overlay-opacity":"","overlay-gradient":""},"mobile":{"background-color":"","background-image":"","background-repeat":"repeat","background-position":"center center","background-size":"auto","background-attachment":"scroll","background-type":"","background-media":"","overlay-type":"","overlay-color":"","overlay-opacity":"","overlay-gradient":""}},"ast-content-background-meta":{"desktop":{"background-color":"var(--ast-global-color-5)","background-image":"","background-repeat":"repeat","background-position":"center center","background-size":"auto","background-attachment":"scroll","background-type":"","background-media":"","overlay-type":"","overlay-color":"","overlay-opacity":"","overlay-gradient":""},"tablet":{"background-color":"var(--ast-global-color-5)","background-image":"","background-repeat":"repeat","background-position":"center center","background-size":"auto","background-attachment":"scroll","background-type":"","background-media":"","overlay-type":"","overlay-color":"","overlay-opacity":"","overlay-gradient":""},"mobile":{"background-color":"var(--ast-global-color-5)","background-image":"","background-repeat":"repeat","background-position":"center center","background-size":"auto","background-attachment":"scroll","background-type":"","background-media":"","overlay-type":"","overlay-color":"","overlay-opacity":"","overlay-gradient":""}},"footnotes":""},"class_list":["post-1113","page","type-page","status-publish","hentry"],"_links":{"self":[{"href":"https:\/\/www.scoalagimnazialaanastasiepanuhusi.ro\/index.php?rest_route=\/wp\/v2\/pages\/1113","targetHints":{"allow":["GET"]}}],"collection":[{"href":"https:\/\/www.scoalagimnazialaanastasiepanuhusi.ro\/index.php?rest_route=\/wp\/v2\/pages"}],"about":[{"href":"https:\/\/www.scoalagimnazialaanastasiepanuhusi.ro\/index.php?rest_route=\/wp\/v2\/types\/page"}],"author":[{"embeddable":true,"href":"https:\/\/www.scoalagimnazialaanastasiepanuhusi.ro\/index.php?rest_route=\/wp\/v2\/users\/1"}],"replies":[{"embeddable":true,"href":"https:\/\/www.scoalagimnazialaanastasiepanuhusi.ro\/index.php?rest_route=%2Fwp%2Fv2%2Fcomments&post=1113"}],"version-history":[{"count":8,"href":"https:\/\/www.scoalagimnazialaanastasiepanuhusi.ro\/index.php?rest_route=\/wp\/v2\/pages\/1113\/revisions"}],"predecessor-version":[{"id":1146,"href":"https:\/\/www.scoalagimnazialaanastasiepanuhusi.ro\/index.php?rest_route=\/wp\/v2\/pages\/1113\/revisions\/1146"}],"wp:attachment":[{"href":"https:\/\/www.scoalagimnazialaanastasiepanuhusi.ro\/index.php?rest_route=%2Fwp%2Fv2%2Fmedia&parent=1113"}],"curies":[{"name":"wp","href":"https:\/\/api.w.org\/{rel}","templated":true}]}}