{"id":1070,"date":"2024-12-11T14:41:37","date_gmt":"2024-12-11T12:41:37","guid":{"rendered":"https:\/\/www.scoalagimnazialaanastasiepanuhusi.ro\/?page_id=1070"},"modified":"2024-12-11T15:05:30","modified_gmt":"2024-12-11T13:05:30","slug":"sa-impartasim-din-experienta-noastra","status":"publish","type":"page","link":"https:\/\/www.scoalagimnazialaanastasiepanuhusi.ro\/?page_id=1070","title":{"rendered":"S\u0103 \u00eemp\u0103rta\u0219im din experien\u021ba noastr\u0103"},"content":{"rendered":"\t\t<div data-elementor-type=\"wp-page\" data-elementor-id=\"1070\" class=\"elementor elementor-1070\">\n\t\t\t\t\t\t<section class=\"elementor-section elementor-top-section elementor-element elementor-element-6f1f8d5 elementor-section-boxed elementor-section-height-default elementor-section-height-default\" data-id=\"6f1f8d5\" data-element_type=\"section\" data-e-type=\"section\">\n\t\t\t\t\t\t<div class=\"elementor-container elementor-column-gap-default\">\n\t\t\t\t\t<div class=\"elementor-column elementor-col-100 elementor-top-column elementor-element elementor-element-966020f\" data-id=\"966020f\" data-element_type=\"column\" data-e-type=\"column\">\n\t\t\t<div class=\"elementor-widget-wrap elementor-element-populated\">\n\t\t\t\t\t\t<div class=\"elementor-element elementor-element-ba14b08 elementor-widget elementor-widget-heading\" data-id=\"ba14b08\" data-element_type=\"widget\" data-e-type=\"widget\" data-widget_type=\"heading.default\">\n\t\t\t\t<div class=\"elementor-widget-container\">\n\t\t\t\t\t<h2 class=\"elementor-heading-title elementor-size-default\"><p align=\"center\" style=\"margin-bottom: 0in;line-height: normal\"><span lang=\"IT\" style=\"font-size: 20pt;, serif;border: 1pt none windowtext;padding: 0in\"><b>Simpozionul Jude\u021bean  <\/b><\/span><i style=\"color: var(--ast-global-color-2);font-size: 3.5rem;background-color: var(--ast-global-color-4)\"><span style=\"font-size:28.0pt;line-height:115%;,sans-serif\">\u201e<\/span><\/i><b style=\"font-style: inherit;, serif;font-size: 20pt;background-color: var(--ast-global-color-4)\">S\u0103 \u00eemp\u0103rta\u0219im din experien\u021ba noastr\u0103<\/b><i style=\"color: var(--ast-global-color-2);font-size: 3.5rem;background-color: var(--ast-global-color-4)\"><span style=\"font-size:28.0pt;line-height:115%;,sans-serif\">\u201d<\/span><\/i><\/p><p align=\"center\" style=\"margin-bottom: 0in;line-height: normal\"><span style=\"color: var(--ast-global-color-2);font-size: 3.5rem;font-style: inherit;background-color: var(--ast-global-color-4)\"><\/span><\/p><\/h2>\t\t\t\t<\/div>\n\t\t\t\t<\/div>\n\t\t\t\t\t<\/div>\n\t\t<\/div>\n\t\t\t\t\t<\/div>\n\t\t<\/section>\n\t\t\t\t<section class=\"elementor-section elementor-top-section elementor-element elementor-element-a60c641 elementor-section-boxed elementor-section-height-default elementor-section-height-default\" data-id=\"a60c641\" data-element_type=\"section\" data-e-type=\"section\">\n\t\t\t\t\t\t<div class=\"elementor-container elementor-column-gap-default\">\n\t\t\t\t\t<div class=\"elementor-column elementor-col-100 elementor-top-column elementor-element elementor-element-b623427\" data-id=\"b623427\" data-element_type=\"column\" data-e-type=\"column\">\n\t\t\t<div class=\"elementor-widget-wrap elementor-element-populated\">\n\t\t\t\t\t\t<div class=\"elementor-element elementor-element-c30c111 elementor-widget elementor-widget-image\" data-id=\"c30c111\" data-element_type=\"widget\" data-e-type=\"widget\" data-widget_type=\"image.default\">\n\t\t\t\t<div class=\"elementor-widget-container\">\n\t\t\t\t\t\t\t\t\t\t\t\t\t\t\t<img fetchpriority=\"high\" decoding=\"async\" width=\"626\" height=\"626\" src=\"https:\/\/www.scoalagimnazialaanastasiepanuhusi.ro\/wp-content\/uploads\/2024\/12\/1-REVISTA-SA-IMPARTASIM-Final.jpg\" class=\"attachment-large size-large wp-image-1072\" alt=\"\" srcset=\"https:\/\/www.scoalagimnazialaanastasiepanuhusi.ro\/wp-content\/uploads\/2024\/12\/1-REVISTA-SA-IMPARTASIM-Final.jpg 626w, https:\/\/www.scoalagimnazialaanastasiepanuhusi.ro\/wp-content\/uploads\/2024\/12\/1-REVISTA-SA-IMPARTASIM-Final-300x300.jpg 300w, https:\/\/www.scoalagimnazialaanastasiepanuhusi.ro\/wp-content\/uploads\/2024\/12\/1-REVISTA-SA-IMPARTASIM-Final-150x150.jpg 150w\" sizes=\"(max-width: 626px) 100vw, 626px\" \/>\t\t\t\t\t\t\t\t\t\t\t\t\t\t\t<\/div>\n\t\t\t\t<\/div>\n\t\t\t\t\t<\/div>\n\t\t<\/div>\n\t\t\t\t\t<\/div>\n\t\t<\/section>\n\t\t\t\t<section class=\"elementor-section elementor-top-section elementor-element elementor-element-75c2770 elementor-section-boxed elementor-section-height-default elementor-section-height-default\" data-id=\"75c2770\" data-element_type=\"section\" data-e-type=\"section\">\n\t\t\t\t\t\t<div class=\"elementor-container elementor-column-gap-default\">\n\t\t\t\t\t<div class=\"elementor-column elementor-col-100 elementor-top-column elementor-element elementor-element-f068a9c\" data-id=\"f068a9c\" data-element_type=\"column\" data-e-type=\"column\">\n\t\t\t<div class=\"elementor-widget-wrap elementor-element-populated\">\n\t\t\t\t\t\t<div class=\"elementor-element elementor-element-8ec3e7f elementor-widget elementor-widget-text-editor\" data-id=\"8ec3e7f\" data-element_type=\"widget\" data-e-type=\"widget\" data-widget_type=\"text-editor.default\">\n\t\t\t\t<div class=\"elementor-widget-container\">\n\t\t\t\t\t\t\t\t\t<p>\u00a0 \u00a0 \u00a0 \u00a0 \u00a0 \u00a0 \u00a0 \u00a0 \u00a0 \u00a0Copiii intr\u0103 \u00een contact cu o multitudine de informa\u021bii care apar\u021bin lumii reale \u0219i lumii virtuale \u0219i, de aceea, se impune identificarea unor modalit\u0103\u021bi accesibile de prezentare a acestora \u00een func\u021bie de v\u00e2rst\u0103. C\u00e2te dintre aceste informa\u0163ii le atrag cu adev\u0103rat aten\u0163ia \u0219i c\u00e2te dintre ele sunt \u00een\u0163elese ori utilizate corect \u00een activit\u0103\u021bi? Prin prezentarea informa\u0163iilor \u015ftiin\u0163ifice \u00eentr-un mod c\u00e2t mai pl\u0103cut \u015fi atractiv am putea s\u0103 \u00eei motiv\u0103m pentru studiu, iar prin elaborarea unor lec\u0163ii care s\u0103 combine \u015ftiin\u0163a cu jocul am putea reu\u0219i s\u0103-i atragem la \u015fcoal\u0103 sau s\u0103 participe la activit\u0103\u0163ile extra\u015fcolare. De aceea, prin realizarea \u0219i prezentarea unor experimente amuzante, copiii vor fi dornici s\u0103 descopere singuri tainele \u015ftiin\u0163ei \u015fi vor \u00eenv\u0103\u0163a lucruri noi f\u0103r\u0103 s\u0103-\u015fi dea seama de efortul depus.<\/p><p>\u00a0 \u00a0 \u00a0 \u00a0 \u00a0 \u00a0 \u00a0 \u00a0 \u00a0 \u00a0Prin desf\u0103\u0219urarea concursului vrem s\u0103 descoperim \u015fi s\u0103 ne \u00eemp\u0103rt\u0103\u015fim unii altora diferite modalit\u0103\u0163i de aplicare a teoriei \u00een practic\u0103 \u015fi de atragere c\u0103tre studiu, c\u0103tre cercetare. Absenteismul \u015fi abandonul \u015fcolar se pot combate numai consult\u00e2ndu-ne unii cu al\u0163ii, numai f\u0103c\u00e2nd cunoscute cele mai bune exemple din experien\u0163a noastr\u0103, numai lucr\u00e2nd \u00een echip\u0103. Av\u00e2nd \u00een vedere c\u0103 num\u0103rul participan\u021bilor a crescut de la o edi\u0163ie la alta, putem spune c\u0103 tema aleas\u0103 este de actualitate \u015fi de un real folos. Se dore\u0219te realizarea unui ghid cu exemple de bun\u0103 practic\u0103 \u0219i idei care pot inspira cu succes \u00een activit\u0103\u0163ile \u0219colare sau extra\u0219colare din \u0219coli \u0219i din Palatele sau Cluburile Copiilor.<\/p>\t\t\t\t\t\t\t\t<\/div>\n\t\t\t\t<\/div>\n\t\t\t\t\t<\/div>\n\t\t<\/div>\n\t\t\t\t\t<\/div>\n\t\t<\/section>\n\t\t\t\t<section class=\"elementor-section elementor-top-section elementor-element elementor-element-adfc0bd elementor-section-boxed elementor-section-height-default elementor-section-height-default\" data-id=\"adfc0bd\" data-element_type=\"section\" data-e-type=\"section\">\n\t\t\t\t\t\t<div class=\"elementor-container elementor-column-gap-default\">\n\t\t\t\t\t<div class=\"elementor-column elementor-col-100 elementor-top-column elementor-element elementor-element-23c7a5c\" data-id=\"23c7a5c\" data-element_type=\"column\" data-e-type=\"column\">\n\t\t\t<div class=\"elementor-widget-wrap elementor-element-populated\">\n\t\t\t\t\t\t<div class=\"elementor-element elementor-element-6e69065 elementor-tabs-view-horizontal elementor-widget elementor-widget-tabs\" data-id=\"6e69065\" data-element_type=\"widget\" data-e-type=\"widget\" data-widget_type=\"tabs.default\">\n\t\t\t\t<div class=\"elementor-widget-container\">\n\t\t\t\t\t\t\t<div class=\"elementor-tabs\">\n\t\t\t<div class=\"elementor-tabs-wrapper\" role=\"tablist\" >\n\t\t\t\t\t\t\t\t\t<div id=\"elementor-tab-title-1151\" class=\"elementor-tab-title elementor-tab-desktop-title\" aria-selected=\"true\" data-tab=\"1\" role=\"tab\" tabindex=\"0\" aria-controls=\"elementor-tab-content-1151\" aria-expanded=\"false\">Pentru informa\u021bii suplimentare, desc\u0103rca\u021bi fi\u0219ierul PDF.<\/div>\n\t\t\t\t\t\t\t<\/div>\n\t\t\t<div class=\"elementor-tabs-content-wrapper\" role=\"tablist\" aria-orientation=\"vertical\">\n\t\t\t\t\t\t\t\t\t<div class=\"elementor-tab-title elementor-tab-mobile-title\" aria-selected=\"true\" data-tab=\"1\" role=\"tab\" tabindex=\"0\" aria-controls=\"elementor-tab-content-1151\" aria-expanded=\"false\">Pentru informa\u021bii suplimentare, desc\u0103rca\u021bi fi\u0219ierul PDF.<\/div>\n\t\t\t\t\t<div id=\"elementor-tab-content-1151\" class=\"elementor-tab-content elementor-clearfix\" data-tab=\"1\" role=\"tabpanel\" aria-labelledby=\"elementor-tab-title-1151\" tabindex=\"0\" hidden=\"false\"><p><a href=\"https:\/\/www.scoalagimnazialaanastasiepanuhusi.ro\/wp-content\/uploads\/2024\/12\/1-REVISTA-SA-IMPARTASIM-Final.pdf\">REVISTA S\u0102 \u00ceMP\u0102RT\u0102\u0218IM DIN EXPERIEN\u021aA NOASTR\u0102\u00a0<\/a>\u00a0 &#8211; DOWNLOAD PDF\u00a0<\/p><\/div>\n\t\t\t\t\t\t\t<\/div>\n\t\t<\/div>\n\t\t\t\t\t\t<\/div>\n\t\t\t\t<\/div>\n\t\t\t\t\t<\/div>\n\t\t<\/div>\n\t\t\t\t\t<\/div>\n\t\t<\/section>\n\t\t\t\t<\/div>\n\t\t","protected":false},"excerpt":{"rendered":"<p>Simpozionul Jude\u021bean \u201eS\u0103 \u00eemp\u0103rta\u0219im din experien\u021ba noastr\u0103\u201d \u00a0 \u00a0 \u00a0 \u00a0 \u00a0 \u00a0 \u00a0 \u00a0 \u00a0 \u00a0Copiii intr\u0103 \u00een contact cu o multitudine de informa\u021bii care apar\u021bin lumii reale \u0219i lumii virtuale \u0219i, de aceea, se impune identificarea unor modalit\u0103\u021bi accesibile de prezentare a acestora \u00een func\u021bie de v\u00e2rst\u0103. C\u00e2te dintre aceste informa\u0163ii le atrag [&hellip;]<\/p>\n","protected":false},"author":1,"featured_media":0,"parent":0,"menu_order":0,"comment_status":"closed","ping_status":"closed","template":"","meta":{"site-sidebar-layout":"no-sidebar","site-content-layout":"page-builder","ast-site-content-layout":"full-width-container","site-content-style":"unboxed","site-sidebar-style":"unboxed","ast-global-header-display":"","ast-banner-title-visibility":"","ast-main-header-display":"","ast-hfb-above-header-display":"","ast-hfb-below-header-display":"","ast-hfb-mobile-header-display":"","site-post-title":"disabled","ast-breadcrumbs-content":"","ast-featured-img":"disabled","footer-sml-layout":"","ast-disable-related-posts":"","theme-transparent-header-meta":"","adv-header-id-meta":"","stick-header-meta":"","header-above-stick-meta":"","header-main-stick-meta":"","header-below-stick-meta":"","astra-migrate-meta-layouts":"set","ast-page-background-enabled":"default","ast-page-background-meta":{"desktop":{"background-color":"","background-image":"","background-repeat":"repeat","background-position":"center center","background-size":"auto","background-attachment":"scroll","background-type":"","background-media":"","overlay-type":"","overlay-color":"","overlay-opacity":"","overlay-gradient":""},"tablet":{"background-color":"","background-image":"","background-repeat":"repeat","background-position":"center center","background-size":"auto","background-attachment":"scroll","background-type":"","background-media":"","overlay-type":"","overlay-color":"","overlay-opacity":"","overlay-gradient":""},"mobile":{"background-color":"","background-image":"","background-repeat":"repeat","background-position":"center center","background-size":"auto","background-attachment":"scroll","background-type":"","background-media":"","overlay-type":"","overlay-color":"","overlay-opacity":"","overlay-gradient":""}},"ast-content-background-meta":{"desktop":{"background-color":"var(--ast-global-color-5)","background-image":"","background-repeat":"repeat","background-position":"center center","background-size":"auto","background-attachment":"scroll","background-type":"","background-media":"","overlay-type":"","overlay-color":"","overlay-opacity":"","overlay-gradient":""},"tablet":{"background-color":"var(--ast-global-color-5)","background-image":"","background-repeat":"repeat","background-position":"center center","background-size":"auto","background-attachment":"scroll","background-type":"","background-media":"","overlay-type":"","overlay-color":"","overlay-opacity":"","overlay-gradient":""},"mobile":{"background-color":"var(--ast-global-color-5)","background-image":"","background-repeat":"repeat","background-position":"center center","background-size":"auto","background-attachment":"scroll","background-type":"","background-media":"","overlay-type":"","overlay-color":"","overlay-opacity":"","overlay-gradient":""}},"footnotes":""},"class_list":["post-1070","page","type-page","status-publish","hentry"],"_links":{"self":[{"href":"https:\/\/www.scoalagimnazialaanastasiepanuhusi.ro\/index.php?rest_route=\/wp\/v2\/pages\/1070","targetHints":{"allow":["GET"]}}],"collection":[{"href":"https:\/\/www.scoalagimnazialaanastasiepanuhusi.ro\/index.php?rest_route=\/wp\/v2\/pages"}],"about":[{"href":"https:\/\/www.scoalagimnazialaanastasiepanuhusi.ro\/index.php?rest_route=\/wp\/v2\/types\/page"}],"author":[{"embeddable":true,"href":"https:\/\/www.scoalagimnazialaanastasiepanuhusi.ro\/index.php?rest_route=\/wp\/v2\/users\/1"}],"replies":[{"embeddable":true,"href":"https:\/\/www.scoalagimnazialaanastasiepanuhusi.ro\/index.php?rest_route=%2Fwp%2Fv2%2Fcomments&post=1070"}],"version-history":[{"count":16,"href":"https:\/\/www.scoalagimnazialaanastasiepanuhusi.ro\/index.php?rest_route=\/wp\/v2\/pages\/1070\/revisions"}],"predecessor-version":[{"id":1091,"href":"https:\/\/www.scoalagimnazialaanastasiepanuhusi.ro\/index.php?rest_route=\/wp\/v2\/pages\/1070\/revisions\/1091"}],"wp:attachment":[{"href":"https:\/\/www.scoalagimnazialaanastasiepanuhusi.ro\/index.php?rest_route=%2Fwp%2Fv2%2Fmedia&parent=1070"}],"curies":[{"name":"wp","href":"https:\/\/api.w.org\/{rel}","templated":true}]}}